{"id":102,"date":"2026-01-17T17:14:01","date_gmt":"2026-01-17T14:14:01","guid":{"rendered":"https:\/\/akasyapalet.com\/?page_id=102"},"modified":"2026-01-17T21:08:00","modified_gmt":"2026-01-17T18:08:00","slug":"100120-palet","status":"publish","type":"page","link":"https:\/\/akasyapalet.com\/?page_id=102","title":{"rendered":"100*120 Palet"},"content":{"rendered":"\n<p><a href=\"http:\/\/www.akasyapalet.com\">100*120 Palet<\/a> Kendi \u00dcretimlerimiz T\u00fcm il ve \u0130l\u00e7elere G\u00f6nderim Sa\u011flanmaktad\u0131r . \u0130stenilen Miktarda Tedarik Sa\u011flayabilirsiniz. <\/p>\n\n\n\n<figure class=\"wp-block-image size-full\"><img loading=\"lazy\" decoding=\"async\" width=\"1024\" height=\"1024\" src=\"https:\/\/akasyapalet.com\/wp-content\/uploads\/2026\/01\/1000084850.png\" alt=\"\" class=\"wp-image-160\" srcset=\"https:\/\/akasyapalet.com\/wp-content\/uploads\/2026\/01\/1000084850.png 1024w, https:\/\/akasyapalet.com\/wp-content\/uploads\/2026\/01\/1000084850-300x300.png 300w, https:\/\/akasyapalet.com\/wp-content\/uploads\/2026\/01\/1000084850-150x150.png 150w, https:\/\/akasyapalet.com\/wp-content\/uploads\/2026\/01\/1000084850-768x768.png 768w\" sizes=\"auto, (max-width: 1024px) 100vw, 1024px\" \/><\/figure>\n\n\n\n<p><\/p>\n","protected":false},"excerpt":{"rendered":"<p>100*120 Palet Kendi \u00dcretimlerimiz T\u00fcm il ve \u0130l\u00e7elere G\u00f6nderim Sa\u011flanmaktad\u0131r . \u0130stenilen Miktarda Tedarik Sa\u011flayabilirsiniz.<\/p>\n","protected":false},"author":1,"featured_media":0,"parent":0,"menu_order":0,"comment_status":"closed","ping_status":"closed","template":"","meta":{"footnotes":""},"class_list":["post-102","page","type-page","status-publish","hentry"],"yoast_head":"<!-- This site is optimized with the Yoast SEO plugin v21.5 - https:\/\/yoast.com\/wordpress\/plugins\/seo\/ -->\n<title>100*120 Palet - Akasya Palet<\/title>\n<meta name=\"robots\" content=\"index, follow, max-snippet:-1, max-image-preview:large, max-video-preview:-1\" \/>\n<link rel=\"canonical\" href=\"https:\/\/akasyapalet.com\/?page_id=102\" \/>\n<meta property=\"og:locale\" content=\"tr_TR\" \/>\n<meta property=\"og:type\" content=\"article\" \/>\n<meta property=\"og:title\" content=\"100*120 Palet - Akasya Palet\" \/>\n<meta property=\"og:description\" content=\"100*120 Palet Kendi \u00dcretimlerimiz T\u00fcm il ve \u0130l\u00e7elere G\u00f6nderim Sa\u011flanmaktad\u0131r . \u0130stenilen Miktarda Tedarik Sa\u011flayabilirsiniz.\" \/>\n<meta property=\"og:url\" content=\"https:\/\/akasyapalet.com\/?page_id=102\" \/>\n<meta property=\"og:site_name\" content=\"Akasya Palet\" \/>\n<meta property=\"article:modified_time\" content=\"2026-01-17T18:08:00+00:00\" \/>\n<meta property=\"og:image\" content=\"https:\/\/akasyapalet.com\/wp-content\/uploads\/2026\/01\/1000084850.png\" \/>\n<meta name=\"twitter:card\" content=\"summary_large_image\" \/>\n<meta name=\"twitter:label1\" content=\"Tahmini okuma s\u00fcresi\" \/>\n\t<meta name=\"twitter:data1\" content=\"1 dakika\" \/>\n<script type=\"application\/ld+json\" class=\"yoast-schema-graph\">{\"@context\":\"https:\/\/schema.org\",\"@graph\":[{\"@type\":\"WebPage\",\"@id\":\"https:\/\/akasyapalet.com\/?page_id=102\",\"url\":\"https:\/\/akasyapalet.com\/?page_id=102\",\"name\":\"100*120 Palet - Akasya Palet\",\"isPartOf\":{\"@id\":\"https:\/\/akasyapalet.com\/#website\"},\"datePublished\":\"2026-01-17T14:14:01+00:00\",\"dateModified\":\"2026-01-17T18:08:00+00:00\",\"breadcrumb\":{\"@id\":\"https:\/\/akasyapalet.com\/?page_id=102#breadcrumb\"},\"inLanguage\":\"tr\",\"potentialAction\":[{\"@type\":\"ReadAction\",\"target\":[\"https:\/\/akasyapalet.com\/?page_id=102\"]}]},{\"@type\":\"BreadcrumbList\",\"@id\":\"https:\/\/akasyapalet.com\/?page_id=102#breadcrumb\",\"itemListElement\":[{\"@type\":\"ListItem\",\"position\":1,\"name\":\"Anasayfa\",\"item\":\"https:\/\/akasyapalet.com\/\"},{\"@type\":\"ListItem\",\"position\":2,\"name\":\"100*120 Palet\"}]},{\"@type\":\"WebSite\",\"@id\":\"https:\/\/akasyapalet.com\/#website\",\"url\":\"https:\/\/akasyapalet.com\/\",\"name\":\"Akasya Palet\",\"description\":\"Palet ve Palet \u00dcr\u00fcnleri\",\"potentialAction\":[{\"@type\":\"SearchAction\",\"target\":{\"@type\":\"EntryPoint\",\"urlTemplate\":\"https:\/\/akasyapalet.com\/?s={search_term_string}\"},\"query-input\":\"required name=search_term_string\"}],\"inLanguage\":\"tr\"}]}<\/script>\n<!-- \/ Yoast SEO plugin. -->","yoast_head_json":{"title":"100*120 Palet - Akasya Palet","robots":{"index":"index","follow":"follow","max-snippet":"max-snippet:-1","max-image-preview":"max-image-preview:large","max-video-preview":"max-video-preview:-1"},"canonical":"https:\/\/akasyapalet.com\/?page_id=102","og_locale":"tr_TR","og_type":"article","og_title":"100*120 Palet - Akasya Palet","og_description":"100*120 Palet Kendi \u00dcretimlerimiz T\u00fcm il ve \u0130l\u00e7elere G\u00f6nderim Sa\u011flanmaktad\u0131r . \u0130stenilen Miktarda Tedarik Sa\u011flayabilirsiniz.","og_url":"https:\/\/akasyapalet.com\/?page_id=102","og_site_name":"Akasya Palet","article_modified_time":"2026-01-17T18:08:00+00:00","og_image":[{"url":"https:\/\/akasyapalet.com\/wp-content\/uploads\/2026\/01\/1000084850.png"}],"twitter_card":"summary_large_image","twitter_misc":{"Tahmini okuma s\u00fcresi":"1 dakika"},"schema":{"@context":"https:\/\/schema.org","@graph":[{"@type":"WebPage","@id":"https:\/\/akasyapalet.com\/?page_id=102","url":"https:\/\/akasyapalet.com\/?page_id=102","name":"100*120 Palet - Akasya Palet","isPartOf":{"@id":"https:\/\/akasyapalet.com\/#website"},"datePublished":"2026-01-17T14:14:01+00:00","dateModified":"2026-01-17T18:08:00+00:00","breadcrumb":{"@id":"https:\/\/akasyapalet.com\/?page_id=102#breadcrumb"},"inLanguage":"tr","potentialAction":[{"@type":"ReadAction","target":["https:\/\/akasyapalet.com\/?page_id=102"]}]},{"@type":"BreadcrumbList","@id":"https:\/\/akasyapalet.com\/?page_id=102#breadcrumb","itemListElement":[{"@type":"ListItem","position":1,"name":"Anasayfa","item":"https:\/\/akasyapalet.com\/"},{"@type":"ListItem","position":2,"name":"100*120 Palet"}]},{"@type":"WebSite","@id":"https:\/\/akasyapalet.com\/#website","url":"https:\/\/akasyapalet.com\/","name":"Akasya Palet","description":"Palet ve Palet \u00dcr\u00fcnleri","potentialAction":[{"@type":"SearchAction","target":{"@type":"EntryPoint","urlTemplate":"https:\/\/akasyapalet.com\/?s={search_term_string}"},"query-input":"required name=search_term_string"}],"inLanguage":"tr"}]}},"_links":{"self":[{"href":"https:\/\/akasyapalet.com\/index.php?rest_route=\/wp\/v2\/pages\/102","targetHints":{"allow":["GET"]}}],"collection":[{"href":"https:\/\/akasyapalet.com\/index.php?rest_route=\/wp\/v2\/pages"}],"about":[{"href":"https:\/\/akasyapalet.com\/index.php?rest_route=\/wp\/v2\/types\/page"}],"author":[{"embeddable":true,"href":"https:\/\/akasyapalet.com\/index.php?rest_route=\/wp\/v2\/users\/1"}],"replies":[{"embeddable":true,"href":"https:\/\/akasyapalet.com\/index.php?rest_route=%2Fwp%2Fv2%2Fcomments&post=102"}],"version-history":[{"count":2,"href":"https:\/\/akasyapalet.com\/index.php?rest_route=\/wp\/v2\/pages\/102\/revisions"}],"predecessor-version":[{"id":161,"href":"https:\/\/akasyapalet.com\/index.php?rest_route=\/wp\/v2\/pages\/102\/revisions\/161"}],"wp:attachment":[{"href":"https:\/\/akasyapalet.com\/index.php?rest_route=%2Fwp%2Fv2%2Fmedia&parent=102"}],"curies":[{"name":"wp","href":"https:\/\/api.w.org\/{rel}","templated":true}]}}