{"id":153,"date":"2026-01-17T17:31:21","date_gmt":"2026-01-17T14:31:21","guid":{"rendered":"https:\/\/akasyapalet.com\/?page_id=153"},"modified":"2026-01-17T21:14:25","modified_gmt":"2026-01-17T18:14:25","slug":"ihracat-sandigi","status":"publish","type":"page","link":"https:\/\/akasyapalet.com\/?page_id=153","title":{"rendered":"\u0130hracat Sand\u0131\u011f\u0131"},"content":{"rendered":"\n<p><a href=\"http:\/\/www.akasyapalet.com\/\">\u0130hracat Sand\u0131\u011f\u0131<\/a> \u0130stenilen \u00d6l\u00e7\u00fcde \u0130hracat Sand\u0131klar\u0131&nbsp;Uygun Fiyatlar\u0131m\u0131z \u0130le T\u00fcm T\u00fcrkiye\u2019ye \u0130stenilen Miktarda G\u00f6nderim Yap\u0131lmaktad\u0131r.<\/p>\n\n\n\n<figure class=\"wp-block-image size-full\"><img loading=\"lazy\" decoding=\"async\" width=\"1024\" height=\"1024\" src=\"https:\/\/akasyapalet.com\/wp-content\/uploads\/2026\/01\/1000084854.png\" alt=\"\" class=\"wp-image-173\" srcset=\"https:\/\/akasyapalet.com\/wp-content\/uploads\/2026\/01\/1000084854.png 1024w, https:\/\/akasyapalet.com\/wp-content\/uploads\/2026\/01\/1000084854-300x300.png 300w, https:\/\/akasyapalet.com\/wp-content\/uploads\/2026\/01\/1000084854-150x150.png 150w, https:\/\/akasyapalet.com\/wp-content\/uploads\/2026\/01\/1000084854-768x768.png 768w\" sizes=\"auto, (max-width: 1024px) 100vw, 1024px\" \/><\/figure>\n","protected":false},"excerpt":{"rendered":"<p>\u0130hracat Sand\u0131\u011f\u0131 \u0130stenilen \u00d6l\u00e7\u00fcde \u0130hracat Sand\u0131klar\u0131&nbsp;Uygun Fiyatlar\u0131m\u0131z \u0130le T\u00fcm T\u00fcrkiye\u2019ye \u0130stenilen Miktarda G\u00f6nderim Yap\u0131lmaktad\u0131r.<\/p>\n","protected":false},"author":1,"featured_media":0,"parent":0,"menu_order":0,"comment_status":"closed","ping_status":"closed","template":"","meta":{"footnotes":""},"class_list":["post-153","page","type-page","status-publish","hentry"],"yoast_head":"<!-- This site is optimized with the Yoast SEO plugin v21.5 - https:\/\/yoast.com\/wordpress\/plugins\/seo\/ -->\n<title>\u0130hracat Sand\u0131\u011f\u0131 - Akasya Palet<\/title>\n<meta name=\"description\" content=\"\u0130hracat Sand\u0131\u011f\u0131\" \/>\n<meta name=\"robots\" content=\"index, follow, max-snippet:-1, max-image-preview:large, max-video-preview:-1\" \/>\n<link rel=\"canonical\" href=\"https:\/\/akasyapalet.com\/?page_id=153\" \/>\n<meta property=\"og:locale\" content=\"tr_TR\" \/>\n<meta property=\"og:type\" content=\"article\" \/>\n<meta property=\"og:title\" content=\"\u0130hracat Sand\u0131\u011f\u0131 - Akasya Palet\" \/>\n<meta property=\"og:description\" content=\"\u0130hracat Sand\u0131\u011f\u0131\" \/>\n<meta property=\"og:url\" content=\"https:\/\/akasyapalet.com\/?page_id=153\" \/>\n<meta property=\"og:site_name\" content=\"Akasya Palet\" \/>\n<meta property=\"article:modified_time\" content=\"2026-01-17T18:14:25+00:00\" \/>\n<meta property=\"og:image\" content=\"https:\/\/akasyapalet.com\/wp-content\/uploads\/2026\/01\/1000084854.png\" \/>\n<meta name=\"twitter:card\" content=\"summary_large_image\" \/>\n<meta name=\"twitter:label1\" content=\"Tahmini okuma s\u00fcresi\" \/>\n\t<meta name=\"twitter:data1\" content=\"1 dakika\" \/>\n<script type=\"application\/ld+json\" class=\"yoast-schema-graph\">{\"@context\":\"https:\/\/schema.org\",\"@graph\":[{\"@type\":\"WebPage\",\"@id\":\"https:\/\/akasyapalet.com\/?page_id=153\",\"url\":\"https:\/\/akasyapalet.com\/?page_id=153\",\"name\":\"\u0130hracat Sand\u0131\u011f\u0131 - Akasya Palet\",\"isPartOf\":{\"@id\":\"https:\/\/akasyapalet.com\/#website\"},\"datePublished\":\"2026-01-17T14:31:21+00:00\",\"dateModified\":\"2026-01-17T18:14:25+00:00\",\"description\":\"\u0130hracat Sand\u0131\u011f\u0131\",\"breadcrumb\":{\"@id\":\"https:\/\/akasyapalet.com\/?page_id=153#breadcrumb\"},\"inLanguage\":\"tr\",\"potentialAction\":[{\"@type\":\"ReadAction\",\"target\":[\"https:\/\/akasyapalet.com\/?page_id=153\"]}]},{\"@type\":\"BreadcrumbList\",\"@id\":\"https:\/\/akasyapalet.com\/?page_id=153#breadcrumb\",\"itemListElement\":[{\"@type\":\"ListItem\",\"position\":1,\"name\":\"Anasayfa\",\"item\":\"https:\/\/akasyapalet.com\/\"},{\"@type\":\"ListItem\",\"position\":2,\"name\":\"\u0130hracat Sand\u0131\u011f\u0131\"}]},{\"@type\":\"WebSite\",\"@id\":\"https:\/\/akasyapalet.com\/#website\",\"url\":\"https:\/\/akasyapalet.com\/\",\"name\":\"Akasya Palet\",\"description\":\"Palet ve Palet \u00dcr\u00fcnleri\",\"potentialAction\":[{\"@type\":\"SearchAction\",\"target\":{\"@type\":\"EntryPoint\",\"urlTemplate\":\"https:\/\/akasyapalet.com\/?s={search_term_string}\"},\"query-input\":\"required name=search_term_string\"}],\"inLanguage\":\"tr\"}]}<\/script>\n<!-- \/ Yoast SEO plugin. -->","yoast_head_json":{"title":"\u0130hracat Sand\u0131\u011f\u0131 - Akasya Palet","description":"\u0130hracat Sand\u0131\u011f\u0131","robots":{"index":"index","follow":"follow","max-snippet":"max-snippet:-1","max-image-preview":"max-image-preview:large","max-video-preview":"max-video-preview:-1"},"canonical":"https:\/\/akasyapalet.com\/?page_id=153","og_locale":"tr_TR","og_type":"article","og_title":"\u0130hracat Sand\u0131\u011f\u0131 - Akasya Palet","og_description":"\u0130hracat Sand\u0131\u011f\u0131","og_url":"https:\/\/akasyapalet.com\/?page_id=153","og_site_name":"Akasya Palet","article_modified_time":"2026-01-17T18:14:25+00:00","og_image":[{"url":"https:\/\/akasyapalet.com\/wp-content\/uploads\/2026\/01\/1000084854.png"}],"twitter_card":"summary_large_image","twitter_misc":{"Tahmini okuma s\u00fcresi":"1 dakika"},"schema":{"@context":"https:\/\/schema.org","@graph":[{"@type":"WebPage","@id":"https:\/\/akasyapalet.com\/?page_id=153","url":"https:\/\/akasyapalet.com\/?page_id=153","name":"\u0130hracat Sand\u0131\u011f\u0131 - Akasya Palet","isPartOf":{"@id":"https:\/\/akasyapalet.com\/#website"},"datePublished":"2026-01-17T14:31:21+00:00","dateModified":"2026-01-17T18:14:25+00:00","description":"\u0130hracat Sand\u0131\u011f\u0131","breadcrumb":{"@id":"https:\/\/akasyapalet.com\/?page_id=153#breadcrumb"},"inLanguage":"tr","potentialAction":[{"@type":"ReadAction","target":["https:\/\/akasyapalet.com\/?page_id=153"]}]},{"@type":"BreadcrumbList","@id":"https:\/\/akasyapalet.com\/?page_id=153#breadcrumb","itemListElement":[{"@type":"ListItem","position":1,"name":"Anasayfa","item":"https:\/\/akasyapalet.com\/"},{"@type":"ListItem","position":2,"name":"\u0130hracat Sand\u0131\u011f\u0131"}]},{"@type":"WebSite","@id":"https:\/\/akasyapalet.com\/#website","url":"https:\/\/akasyapalet.com\/","name":"Akasya Palet","description":"Palet ve Palet \u00dcr\u00fcnleri","potentialAction":[{"@type":"SearchAction","target":{"@type":"EntryPoint","urlTemplate":"https:\/\/akasyapalet.com\/?s={search_term_string}"},"query-input":"required name=search_term_string"}],"inLanguage":"tr"}]}},"_links":{"self":[{"href":"https:\/\/akasyapalet.com\/index.php?rest_route=\/wp\/v2\/pages\/153","targetHints":{"allow":["GET"]}}],"collection":[{"href":"https:\/\/akasyapalet.com\/index.php?rest_route=\/wp\/v2\/pages"}],"about":[{"href":"https:\/\/akasyapalet.com\/index.php?rest_route=\/wp\/v2\/types\/page"}],"author":[{"embeddable":true,"href":"https:\/\/akasyapalet.com\/index.php?rest_route=\/wp\/v2\/users\/1"}],"replies":[{"embeddable":true,"href":"https:\/\/akasyapalet.com\/index.php?rest_route=%2Fwp%2Fv2%2Fcomments&post=153"}],"version-history":[{"count":2,"href":"https:\/\/akasyapalet.com\/index.php?rest_route=\/wp\/v2\/pages\/153\/revisions"}],"predecessor-version":[{"id":174,"href":"https:\/\/akasyapalet.com\/index.php?rest_route=\/wp\/v2\/pages\/153\/revisions\/174"}],"wp:attachment":[{"href":"https:\/\/akasyapalet.com\/index.php?rest_route=%2Fwp%2Fv2%2Fmedia&parent=153"}],"curies":[{"name":"wp","href":"https:\/\/api.w.org\/{rel}","templated":true}]}}