{"id":49,"date":"2023-10-31T16:08:11","date_gmt":"2023-10-31T13:08:11","guid":{"rendered":"https:\/\/akasyapalet.com\/?page_id=49"},"modified":"2023-10-31T16:08:12","modified_gmt":"2023-10-31T13:08:12","slug":"istanbul-palet","status":"publish","type":"page","link":"https:\/\/akasyapalet.com\/?page_id=49","title":{"rendered":"\u0130stanbul Palet"},"content":{"rendered":"\n<p>\u0130stanbul Palet <a href=\"http:\/\/www.akasyapalet.com\">Akasya Palet<\/a> Gebze&#8217;de Palet ve Palet \u00dcr\u00fcnleri \u00dcretimi Yapan \u00dcretici Firmad\u0131r.<\/p>\n","protected":false},"excerpt":{"rendered":"<p>\u0130stanbul Palet Akasya Palet Gebze&#8217;de Palet ve Palet \u00dcr\u00fcnleri \u00dcretimi Yapan \u00dcretici Firmad\u0131r.<\/p>\n","protected":false},"author":1,"featured_media":0,"parent":0,"menu_order":0,"comment_status":"closed","ping_status":"closed","template":"","meta":{"footnotes":""},"class_list":["post-49","page","type-page","status-publish","hentry"],"yoast_head":"<!-- This site is optimized with the Yoast SEO plugin v21.5 - https:\/\/yoast.com\/wordpress\/plugins\/seo\/ -->\n<title>\u0130stanbul Palet - Akasya Palet<\/title>\n<meta name=\"description\" content=\"istanbul palet\" \/>\n<meta name=\"robots\" content=\"index, follow, max-snippet:-1, max-image-preview:large, max-video-preview:-1\" \/>\n<link rel=\"canonical\" href=\"https:\/\/akasyapalet.com\/?page_id=49\" \/>\n<meta property=\"og:locale\" content=\"tr_TR\" \/>\n<meta property=\"og:type\" content=\"article\" \/>\n<meta property=\"og:title\" content=\"\u0130stanbul Palet - Akasya Palet\" \/>\n<meta property=\"og:description\" content=\"istanbul palet\" \/>\n<meta property=\"og:url\" content=\"https:\/\/akasyapalet.com\/?page_id=49\" \/>\n<meta property=\"og:site_name\" content=\"Akasya Palet\" \/>\n<meta property=\"article:modified_time\" content=\"2023-10-31T13:08:12+00:00\" \/>\n<meta name=\"twitter:card\" content=\"summary_large_image\" \/>\n<meta name=\"twitter:label1\" content=\"Tahmini okuma s\u00fcresi\" \/>\n\t<meta name=\"twitter:data1\" content=\"1 dakika\" \/>\n<script type=\"application\/ld+json\" class=\"yoast-schema-graph\">{\"@context\":\"https:\/\/schema.org\",\"@graph\":[{\"@type\":\"WebPage\",\"@id\":\"https:\/\/akasyapalet.com\/?page_id=49\",\"url\":\"https:\/\/akasyapalet.com\/?page_id=49\",\"name\":\"\u0130stanbul Palet - Akasya Palet\",\"isPartOf\":{\"@id\":\"https:\/\/akasyapalet.com\/#website\"},\"datePublished\":\"2023-10-31T13:08:11+00:00\",\"dateModified\":\"2023-10-31T13:08:12+00:00\",\"description\":\"istanbul palet\",\"breadcrumb\":{\"@id\":\"https:\/\/akasyapalet.com\/?page_id=49#breadcrumb\"},\"inLanguage\":\"tr\",\"potentialAction\":[{\"@type\":\"ReadAction\",\"target\":[\"https:\/\/akasyapalet.com\/?page_id=49\"]}]},{\"@type\":\"BreadcrumbList\",\"@id\":\"https:\/\/akasyapalet.com\/?page_id=49#breadcrumb\",\"itemListElement\":[{\"@type\":\"ListItem\",\"position\":1,\"name\":\"Anasayfa\",\"item\":\"https:\/\/akasyapalet.com\/\"},{\"@type\":\"ListItem\",\"position\":2,\"name\":\"\u0130stanbul Palet\"}]},{\"@type\":\"WebSite\",\"@id\":\"https:\/\/akasyapalet.com\/#website\",\"url\":\"https:\/\/akasyapalet.com\/\",\"name\":\"Akasya Palet\",\"description\":\"Palet ve Palet \u00dcr\u00fcnleri\",\"potentialAction\":[{\"@type\":\"SearchAction\",\"target\":{\"@type\":\"EntryPoint\",\"urlTemplate\":\"https:\/\/akasyapalet.com\/?s={search_term_string}\"},\"query-input\":\"required name=search_term_string\"}],\"inLanguage\":\"tr\"}]}<\/script>\n<!-- \/ Yoast SEO plugin. -->","yoast_head_json":{"title":"\u0130stanbul Palet - Akasya Palet","description":"istanbul palet","robots":{"index":"index","follow":"follow","max-snippet":"max-snippet:-1","max-image-preview":"max-image-preview:large","max-video-preview":"max-video-preview:-1"},"canonical":"https:\/\/akasyapalet.com\/?page_id=49","og_locale":"tr_TR","og_type":"article","og_title":"\u0130stanbul Palet - Akasya Palet","og_description":"istanbul palet","og_url":"https:\/\/akasyapalet.com\/?page_id=49","og_site_name":"Akasya Palet","article_modified_time":"2023-10-31T13:08:12+00:00","twitter_card":"summary_large_image","twitter_misc":{"Tahmini okuma s\u00fcresi":"1 dakika"},"schema":{"@context":"https:\/\/schema.org","@graph":[{"@type":"WebPage","@id":"https:\/\/akasyapalet.com\/?page_id=49","url":"https:\/\/akasyapalet.com\/?page_id=49","name":"\u0130stanbul Palet - Akasya Palet","isPartOf":{"@id":"https:\/\/akasyapalet.com\/#website"},"datePublished":"2023-10-31T13:08:11+00:00","dateModified":"2023-10-31T13:08:12+00:00","description":"istanbul palet","breadcrumb":{"@id":"https:\/\/akasyapalet.com\/?page_id=49#breadcrumb"},"inLanguage":"tr","potentialAction":[{"@type":"ReadAction","target":["https:\/\/akasyapalet.com\/?page_id=49"]}]},{"@type":"BreadcrumbList","@id":"https:\/\/akasyapalet.com\/?page_id=49#breadcrumb","itemListElement":[{"@type":"ListItem","position":1,"name":"Anasayfa","item":"https:\/\/akasyapalet.com\/"},{"@type":"ListItem","position":2,"name":"\u0130stanbul Palet"}]},{"@type":"WebSite","@id":"https:\/\/akasyapalet.com\/#website","url":"https:\/\/akasyapalet.com\/","name":"Akasya Palet","description":"Palet ve Palet \u00dcr\u00fcnleri","potentialAction":[{"@type":"SearchAction","target":{"@type":"EntryPoint","urlTemplate":"https:\/\/akasyapalet.com\/?s={search_term_string}"},"query-input":"required name=search_term_string"}],"inLanguage":"tr"}]}},"_links":{"self":[{"href":"https:\/\/akasyapalet.com\/index.php?rest_route=\/wp\/v2\/pages\/49","targetHints":{"allow":["GET"]}}],"collection":[{"href":"https:\/\/akasyapalet.com\/index.php?rest_route=\/wp\/v2\/pages"}],"about":[{"href":"https:\/\/akasyapalet.com\/index.php?rest_route=\/wp\/v2\/types\/page"}],"author":[{"embeddable":true,"href":"https:\/\/akasyapalet.com\/index.php?rest_route=\/wp\/v2\/users\/1"}],"replies":[{"embeddable":true,"href":"https:\/\/akasyapalet.com\/index.php?rest_route=%2Fwp%2Fv2%2Fcomments&post=49"}],"version-history":[{"count":1,"href":"https:\/\/akasyapalet.com\/index.php?rest_route=\/wp\/v2\/pages\/49\/revisions"}],"predecessor-version":[{"id":51,"href":"https:\/\/akasyapalet.com\/index.php?rest_route=\/wp\/v2\/pages\/49\/revisions\/51"}],"wp:attachment":[{"href":"https:\/\/akasyapalet.com\/index.php?rest_route=%2Fwp%2Fv2%2Fmedia&parent=49"}],"curies":[{"name":"wp","href":"https:\/\/api.w.org\/{rel}","templated":true}]}}