{"id":86,"date":"2023-11-15T13:14:50","date_gmt":"2023-11-15T10:14:50","guid":{"rendered":"https:\/\/akasyapalet.com\/?page_id=86"},"modified":"2023-11-15T13:22:47","modified_gmt":"2023-11-15T10:22:47","slug":"iletisim","status":"publish","type":"page","link":"https:\/\/akasyapalet.com\/?page_id=86","title":{"rendered":"\u0130leti\u015fim"},"content":{"rendered":"\n<div class=\"wp-block-columns alignwide is-layout-flex wp-container-core-columns-is-layout-829b1d53 wp-block-columns-is-layout-flex\" style=\"margin-bottom:0\">\n<div class=\"wp-block-column has-text-color has-background has-link-color wp-elements-a346e0e2f7cdc858065240a5da3e1d5c is-layout-flow wp-block-column-is-layout-flow\" style=\"color:#000000;background-color:#ffe97d;padding-top:2em;padding-right:2em;padding-bottom:2em;padding-left:2em\">\n<h2 class=\"wp-block-heading\" id=\"single\" style=\"font-size:40px\"><strong>\u00dcretim<\/strong><\/h2>\n\n\n\n<p class=\"has-normal-font-size\" style=\"line-height:1.5\">Akasya Palet \u00dcretim Tesisi<\/p>\n\n\n\n<hr class=\"wp-block-separator has-text-color has-css-opacity has-background is-style-wide\" style=\"background-color:#000000;color:#000000\"\/>\n\n\n\n<ul class=\"has-normal-font-size wp-block-list\">\n<li><a href=\"tel:+905536417114\">0553 641 71 14<\/a><\/li>\n\n\n\n<li>tolga@akasyapalet.com<\/li>\n\n\n\n<li>Bal\u00e7\u0131k Mah. 3223 Sk. No:5<br>Gebze \/ KOCAEL\u0130<\/li>\n<\/ul>\n\n\n\n<div class=\"wp-block-buttons alignfull is-horizontal is-content-justification-center is-layout-flex wp-container-core-buttons-is-layout-499968f5 wp-block-buttons-is-layout-flex\">\n<div class=\"wp-block-button has-custom-width wp-block-button__width-100\"><a class=\"wp-block-button__link has-white-color has-text-color has-background no-border-radius wp-element-button\" href=\"tel:+905536417114\" style=\"background-color:#000000\">Bizi Aray\u0131n<\/a><\/div>\n<\/div>\n<\/div>\n\n\n\n<div class=\"wp-block-column has-text-color has-background has-link-color wp-elements-d36c1a5972e6feef58cf275fe11e7040 is-layout-flow wp-block-column-is-layout-flow\" style=\"color:#000000;background-color:#d1d1e1;padding-top:2em;padding-right:2em;padding-bottom:2em;padding-left:2em\">\n<h2 class=\"wp-block-heading\" id=\"family\" style=\"font-size:40px\"><strong>Merkez<\/strong><\/h2>\n\n\n\n<p class=\"has-normal-font-size\" style=\"line-height:1.5\"><strong>Akasya Palet Merkez<\/strong><\/p>\n\n\n\n<hr class=\"wp-block-separator has-css-opacity is-style-wide\"\/>\n\n\n\n<ul class=\"has-normal-font-size wp-block-list\">\n<li><a href=\"te:+908503071075\">0850 307 10 75<\/a><\/li>\n\n\n\n<li>info@akasyapalet.com<\/li>\n\n\n\n<li>Yukar\u0131 Dudullu, Nato Yolu Cad, Yeni Ticaret Merkezi Des Sanayi Sitesi No:5, 34776 \u00dcmraniye\/\u0130stanbul<\/li>\n<\/ul>\n\n\n\n<div class=\"wp-block-buttons alignfull is-horizontal is-content-justification-center is-layout-flex wp-container-core-buttons-is-layout-499968f5 wp-block-buttons-is-layout-flex\">\n<div class=\"wp-block-button has-custom-width wp-block-button__width-100 is-style-fill\"><a class=\"wp-block-button__link has-white-color has-text-color has-background no-border-radius wp-element-button\" href=\"tel:+908503071075\" style=\"background-color:#000000\">Bizi Aray\u0131n<\/a><\/div>\n<\/div>\n<\/div>\n<\/div>\n\n\n\n<div class=\"wp-block-group alignfull has-text-color has-background\" style=\"color:#000000;background-color:#ffffff\"><div class=\"wp-block-group__inner-container is-layout-flow wp-block-group-is-layout-flow\">\n<div style=\"height:64px\" aria-hidden=\"true\" class=\"wp-block-spacer\"><\/div>\n\n\n\n<p class=\"has-text-align-center has-small-font-size\" style=\"line-height:.9\"><strong>\u0130LET\u0130\u015e\u0130M KURUN<\/strong><\/p>\n\n\n\n<div class=\"wp-block-buttons is-horizontal is-content-justification-center is-layout-flex wp-container-core-buttons-is-layout-499968f5 wp-block-buttons-is-layout-flex\">\n<div class=\"wp-block-button has-custom-width wp-block-button__width-50\"><a class=\"wp-block-button__link has-text-color has-background wp-element-button\" href=\"tel:+905536417114\" style=\"border-radius:50px;color:#ffffff;background-color:#000000\">Bize ula\u015f\u0131n<\/a><\/div>\n<\/div>\n\n\n\n<div style=\"height:64px\" aria-hidden=\"true\" class=\"wp-block-spacer\"><\/div>\n<\/div><\/div>\n","protected":false},"excerpt":{"rendered":"<p>\u00dcretim Akasya Palet \u00dcretim Tesisi Merkez Akasya Palet Merkez \u0130LET\u0130\u015e\u0130M KURUN<\/p>\n","protected":false},"author":1,"featured_media":0,"parent":0,"menu_order":0,"comment_status":"closed","ping_status":"closed","template":"","meta":{"footnotes":""},"class_list":["post-86","page","type-page","status-publish","hentry"],"yoast_head":"<!-- This site is optimized with the Yoast SEO plugin v21.5 - https:\/\/yoast.com\/wordpress\/plugins\/seo\/ -->\n<title>\u0130leti\u015fim - Akasya Palet<\/title>\n<meta name=\"robots\" content=\"index, follow, max-snippet:-1, max-image-preview:large, max-video-preview:-1\" \/>\n<link rel=\"canonical\" href=\"https:\/\/akasyapalet.com\/?page_id=86\" \/>\n<meta property=\"og:locale\" content=\"tr_TR\" \/>\n<meta property=\"og:type\" content=\"article\" \/>\n<meta property=\"og:title\" content=\"\u0130leti\u015fim - Akasya Palet\" \/>\n<meta property=\"og:description\" content=\"\u00dcretim Akasya Palet \u00dcretim Tesisi Merkez Akasya Palet Merkez \u0130LET\u0130\u015e\u0130M KURUN\" \/>\n<meta property=\"og:url\" content=\"https:\/\/akasyapalet.com\/?page_id=86\" \/>\n<meta property=\"og:site_name\" content=\"Akasya Palet\" \/>\n<meta property=\"article:modified_time\" content=\"2023-11-15T10:22:47+00:00\" \/>\n<meta name=\"twitter:card\" content=\"summary_large_image\" \/>\n<meta name=\"twitter:label1\" content=\"Tahmini okuma s\u00fcresi\" \/>\n\t<meta name=\"twitter:data1\" content=\"1 dakika\" \/>\n<script type=\"application\/ld+json\" class=\"yoast-schema-graph\">{\"@context\":\"https:\/\/schema.org\",\"@graph\":[{\"@type\":\"WebPage\",\"@id\":\"https:\/\/akasyapalet.com\/?page_id=86\",\"url\":\"https:\/\/akasyapalet.com\/?page_id=86\",\"name\":\"\u0130leti\u015fim - Akasya Palet\",\"isPartOf\":{\"@id\":\"https:\/\/akasyapalet.com\/#website\"},\"datePublished\":\"2023-11-15T10:14:50+00:00\",\"dateModified\":\"2023-11-15T10:22:47+00:00\",\"breadcrumb\":{\"@id\":\"https:\/\/akasyapalet.com\/?page_id=86#breadcrumb\"},\"inLanguage\":\"tr\",\"potentialAction\":[{\"@type\":\"ReadAction\",\"target\":[\"https:\/\/akasyapalet.com\/?page_id=86\"]}]},{\"@type\":\"BreadcrumbList\",\"@id\":\"https:\/\/akasyapalet.com\/?page_id=86#breadcrumb\",\"itemListElement\":[{\"@type\":\"ListItem\",\"position\":1,\"name\":\"Anasayfa\",\"item\":\"https:\/\/akasyapalet.com\/\"},{\"@type\":\"ListItem\",\"position\":2,\"name\":\"\u0130leti\u015fim\"}]},{\"@type\":\"WebSite\",\"@id\":\"https:\/\/akasyapalet.com\/#website\",\"url\":\"https:\/\/akasyapalet.com\/\",\"name\":\"Akasya Palet\",\"description\":\"Palet ve Palet \u00dcr\u00fcnleri\",\"potentialAction\":[{\"@type\":\"SearchAction\",\"target\":{\"@type\":\"EntryPoint\",\"urlTemplate\":\"https:\/\/akasyapalet.com\/?s={search_term_string}\"},\"query-input\":\"required name=search_term_string\"}],\"inLanguage\":\"tr\"}]}<\/script>\n<!-- \/ Yoast SEO plugin. -->","yoast_head_json":{"title":"\u0130leti\u015fim - Akasya Palet","robots":{"index":"index","follow":"follow","max-snippet":"max-snippet:-1","max-image-preview":"max-image-preview:large","max-video-preview":"max-video-preview:-1"},"canonical":"https:\/\/akasyapalet.com\/?page_id=86","og_locale":"tr_TR","og_type":"article","og_title":"\u0130leti\u015fim - Akasya Palet","og_description":"\u00dcretim Akasya Palet \u00dcretim Tesisi Merkez Akasya Palet Merkez \u0130LET\u0130\u015e\u0130M KURUN","og_url":"https:\/\/akasyapalet.com\/?page_id=86","og_site_name":"Akasya Palet","article_modified_time":"2023-11-15T10:22:47+00:00","twitter_card":"summary_large_image","twitter_misc":{"Tahmini okuma s\u00fcresi":"1 dakika"},"schema":{"@context":"https:\/\/schema.org","@graph":[{"@type":"WebPage","@id":"https:\/\/akasyapalet.com\/?page_id=86","url":"https:\/\/akasyapalet.com\/?page_id=86","name":"\u0130leti\u015fim - Akasya Palet","isPartOf":{"@id":"https:\/\/akasyapalet.com\/#website"},"datePublished":"2023-11-15T10:14:50+00:00","dateModified":"2023-11-15T10:22:47+00:00","breadcrumb":{"@id":"https:\/\/akasyapalet.com\/?page_id=86#breadcrumb"},"inLanguage":"tr","potentialAction":[{"@type":"ReadAction","target":["https:\/\/akasyapalet.com\/?page_id=86"]}]},{"@type":"BreadcrumbList","@id":"https:\/\/akasyapalet.com\/?page_id=86#breadcrumb","itemListElement":[{"@type":"ListItem","position":1,"name":"Anasayfa","item":"https:\/\/akasyapalet.com\/"},{"@type":"ListItem","position":2,"name":"\u0130leti\u015fim"}]},{"@type":"WebSite","@id":"https:\/\/akasyapalet.com\/#website","url":"https:\/\/akasyapalet.com\/","name":"Akasya Palet","description":"Palet ve Palet \u00dcr\u00fcnleri","potentialAction":[{"@type":"SearchAction","target":{"@type":"EntryPoint","urlTemplate":"https:\/\/akasyapalet.com\/?s={search_term_string}"},"query-input":"required name=search_term_string"}],"inLanguage":"tr"}]}},"_links":{"self":[{"href":"https:\/\/akasyapalet.com\/index.php?rest_route=\/wp\/v2\/pages\/86","targetHints":{"allow":["GET"]}}],"collection":[{"href":"https:\/\/akasyapalet.com\/index.php?rest_route=\/wp\/v2\/pages"}],"about":[{"href":"https:\/\/akasyapalet.com\/index.php?rest_route=\/wp\/v2\/types\/page"}],"author":[{"embeddable":true,"href":"https:\/\/akasyapalet.com\/index.php?rest_route=\/wp\/v2\/users\/1"}],"replies":[{"embeddable":true,"href":"https:\/\/akasyapalet.com\/index.php?rest_route=%2Fwp%2Fv2%2Fcomments&post=86"}],"version-history":[{"count":8,"href":"https:\/\/akasyapalet.com\/index.php?rest_route=\/wp\/v2\/pages\/86\/revisions"}],"predecessor-version":[{"id":100,"href":"https:\/\/akasyapalet.com\/index.php?rest_route=\/wp\/v2\/pages\/86\/revisions\/100"}],"wp:attachment":[{"href":"https:\/\/akasyapalet.com\/index.php?rest_route=%2Fwp%2Fv2%2Fmedia&parent=86"}],"curies":[{"name":"wp","href":"https:\/\/api.w.org\/{rel}","templated":true}]}}